{"id":1613,"date":"2015-02-03T14:49:09","date_gmt":"2015-02-03T14:49:09","guid":{"rendered":"https:\/\/omcpharmamedic.com\/?page_id=1613"},"modified":"2025-10-06T13:56:51","modified_gmt":"2025-10-06T18:56:51","slug":"contactanos","status":"publish","type":"page","link":"https:\/\/omcpharmamedic.com\/en\/contact-us\/","title":{"rendered":"Contact us"},"content":{"rendered":"<div  class=\"vc_row wpb_row vc_row-fluid wpb_animate_when_almost_visible wpb_fadeIn fadeIn vc_custom_1650287110048 vc_column-gap-default ts-row-wide ts-parallax-bg loading\"  data-vc-full-width=\"true\" data-vc-full-width-init=\"false\"  style=\"background-image: url(https:\/\/omcpharmamedic.com\/wp-content\/uploads\/contactanos-bg.jpg);\"><div class=\"wpb_column vc_column_container vc_col-sm-12\">\n\t<div class=\"wpb_wrapper\">\n\t<h1 style=\"font-size: 46px;color: #ffffff;text-align: center;font-family:Corben;font-weight:400;font-style:normal\" class=\"vc_custom_heading shadow wpb_animate_when_almost_visible wpb_fadeInDown fadeInDown\" >Contact us<\/h1>\t<\/div>\n<\/div><\/div><div class=\"vc_row-full-width\"><\/div>\t<div  class=\"vc_row wpb_row vc_row-fluid vc_column-gap-default ts-row-wide\"  ><div class=\"wpb_column vc_column_container vc_col-sm-12\">\n\t<div class=\"wpb_wrapper\">\n\t<div class=\"vc_empty_space\"   style=\"height: 80px\"><span class=\"vc_empty_space_inner\"><\/span><\/div>\t<\/div>\n<\/div><\/div>\t<div  class=\"vc_row wpb_row vc_row-fluid wpb_animate_when_almost_visible wpb_fadeInUpBig fadeInUpBig vc_column-gap-35 vc_row-o-content-middle vc_row-flex ts-row-boxed loading\"  data-vc-full-width=\"true\" data-vc-full-width-init=\"false\"  ><div class=\"wpb_column vc_column_container vc_col-sm-8 vc_hidden-xs\">\n\t<div class=\"wpb_wrapper\">\n\t\n\t<div class=\"wpb_text_column wpb_content_element\" >\n\t\t<div class=\"wpb_wrapper\">\n\t\t\t<p style=\"font-size: 22px; text-align: justify;\">OMC Pharma Medic is at your disposal. If you are interested in requesting our services or have any questions, please complete the form or contact our telephone center +51 1 635 0641.<\/p>\n\n\t\t<\/div>\n\t<\/div>\n\n<div class=\"wpcf7 no-js\" id=\"wpcf7-f17-o1\" lang=\"en-US\" dir=\"ltr\" data-wpcf7-id=\"17\">\n<div class=\"screen-reader-response\"><p role=\"status\" aria-live=\"polite\" aria-atomic=\"true\"><\/p> <ul><\/ul><\/div>\n<form action=\"\/en\/wp-json\/wp\/v2\/pages\/1613#wpcf7-f17-o1\" method=\"post\" class=\"wpcf7-form init\" aria-label=\"Contact form\" novalidate=\"novalidate\" data-status=\"init\" data-trp-original-action=\"\/en\/wp-json\/wp\/v2\/pages\/1613#wpcf7-f17-o1\">\n<fieldset class=\"hidden-fields-container\"><input type=\"hidden\" name=\"_wpcf7\" value=\"17\" \/><input type=\"hidden\" name=\"_wpcf7_version\" value=\"6.1.2\" \/><input type=\"hidden\" name=\"_wpcf7_locale\" value=\"en_US\" \/><input type=\"hidden\" name=\"_wpcf7_unit_tag\" value=\"wpcf7-f17-o1\" \/><input type=\"hidden\" name=\"_wpcf7_container_post\" value=\"0\" \/><input type=\"hidden\" name=\"_wpcf7_posted_data_hash\" value=\"\" \/><input type=\"hidden\" name=\"_wpcf7_recaptcha_response\" value=\"\" \/>\n<\/fieldset>\n<div class=\"contact-form\">\n\t<div class=\"info-wrapper\">\n\t\t<p><span class=\"wpcf7-form-control-wrap\" data-name=\"nombre\"><input size=\"40\" maxlength=\"400\" class=\"wpcf7-form-control wpcf7-text wpcf7-validates-as-required\" aria-required=\"true\" aria-invalid=\"false\" placeholder=\"Name\" value=\"\" type=\"text\" name=\"nombre\" \/><\/span>\n\t\t<\/p>\n\t\t<p><span class=\"wpcf7-form-control-wrap\" data-name=\"correo\"><input size=\"40\" maxlength=\"400\" class=\"wpcf7-form-control wpcf7-email wpcf7-validates-as-required wpcf7-text wpcf7-validates-as-email\" aria-required=\"true\" aria-invalid=\"false\" placeholder=\"E-mail\" value=\"\" type=\"email\" name=\"correo\" \/><\/span>\n\t\t<\/p>\n\t\t<p><span class=\"wpcf7-form-control-wrap\" data-name=\"telefono\"><input size=\"40\" maxlength=\"400\" class=\"wpcf7-form-control wpcf7-text wpcf7-validates-as-required\" aria-required=\"true\" aria-invalid=\"false\" placeholder=\"Phone\" value=\"\" type=\"text\" name=\"telefono\" \/><\/span>\n\t\t<\/p>\n\t<\/div>\n\t<p><span class=\"wpcf7-form-control-wrap\" data-name=\"consulta\"><textarea cols=\"40\" rows=\"5\" maxlength=\"2000\" class=\"wpcf7-form-control wpcf7-textarea wpcf7-validates-as-required\" aria-required=\"true\" aria-invalid=\"false\" placeholder=\"Message\" name=\"consulta\"><\/textarea><\/span>\n\t<\/p>\n\t<p class=\"clearfix\"><input class=\"wpcf7-form-control wpcf7-submit has-spinner button-primary\" type=\"submit\" value=\"Send\" \/>\n\t<\/p>\n<\/div><div class=\"wpcf7-response-output\" aria-hidden=\"true\"><\/div>\n<input type=\"hidden\" name=\"trp-form-language\" value=\"en\"\/><\/form>\n<\/div>\n\t<\/div>\n<\/div><div class=\"wpb_column vc_column_container vc_col-sm-4 vc_hidden-xs\">\n\t<div class=\"wpb_wrapper\">\n\t\n\t<div class=\"wpb_text_column wpb_content_element  vc_custom_1651855489728\" >\n\t\t<div class=\"wpb_wrapper\">\n\t\t\t<p style=\"color: #106a2a; text-align: center;\"><strong>Business hours<\/strong><\/p>\n\n\t\t<\/div>\n\t<\/div>\n\n\t<div class=\"wpb_text_column wpb_content_element  vc_custom_1651855516237\" >\n\t\t<div class=\"wpb_wrapper\">\n\t\t\t<p style=\"color: #106a2a; text-align: center;\">From Monday to Friday<\/p>\n\n\t\t<\/div>\n\t<\/div>\n\n\t<div class=\"wpb_text_column wpb_content_element  vc_custom_1651855533895\" >\n\t\t<div class=\"wpb_wrapper\">\n\t\t\t<p style=\"color: #106a2a; text-align: center;\">9:00 am to 1:00 pm \u2013 2:00 pm to 6:00 pm<\/p>\n\n\t\t<\/div>\n\t<\/div>\n\n\t<div class=\"wpb_text_column wpb_content_element  vc_custom_1759776951897\" >\n\t\t<div class=\"wpb_wrapper\">\n\t\t\t<p style=\"text-align: center;\"><a style=\"color: #106a2a;\" href=\"mailto:omago@omcpharmamedic.com\"><strong style=\"font-weight: 600;\"><img loading=\"lazy\" decoding=\"async\" class=\"alignnone size-full wp-image-17411\" src=\"https:\/\/omcpharmamedic.com\/wp-content\/uploads\/mail-light-orange.png\" alt=\"\" width=\"20\" height=\"20\" \/>omago@omcpharmamedic.com<\/strong><\/a><br \/>\n<a style=\"color: #106a2a;\" href=\"mailto:info@omcpharmamedic.com\"><strong style=\"font-weight: 600;\"><img loading=\"lazy\" decoding=\"async\" class=\"alignnone size-full wp-image-17411\" src=\"https:\/\/omcpharmamedic.com\/wp-content\/uploads\/mail-light-orange.png\" alt=\"\" width=\"20\" height=\"20\" \/>info@omcpharmamedic.com<\/strong><\/a><\/p>\n\n\t\t<\/div>\n\t<\/div>\n\n\t<div class=\"wpb_text_column wpb_content_element  vc_custom_1759777008160\" >\n\t\t<div class=\"wpb_wrapper\">\n\t\t\t<p style=\"text-align: center; color: #106a2a; margin-bottom: 5px; line-height: 30px;\"><img loading=\"lazy\" decoding=\"async\" class=\"alignnone size-full wp-image-17376\" src=\"https:\/\/omcpharmamedic.com\/wp-content\/uploads\/phone-icon.png\" alt=\"phone-icon\" width=\"20\" height=\"20\" \/><strong>+ 51 997 917 762<\/strong><br \/>\n<img loading=\"lazy\" decoding=\"async\" class=\"alignnone size-full wp-image-17376\" src=\"https:\/\/omcpharmamedic.com\/wp-content\/uploads\/phone-icon.png\" alt=\"phone-icon\" width=\"20\" height=\"20\" \/><strong>+51 1 635 0641<\/strong><\/p>\n\n\t\t<\/div>\n\t<\/div>\n<div class=\"vc_separator wpb_content_element vc_separator_align_center vc_sep_width_90 vc_sep_pos_align_left vc_separator_no_text vc_custom_1651877311270  vc_custom_1651877311270\" ><span class=\"vc_sep_holder vc_sep_holder_l\"><span  style=\"border-color:#106a2a;\" class=\"vc_sep_line\"><\/span><\/span><span class=\"vc_sep_holder vc_sep_holder_r\"><span  style=\"border-color:#106a2a;\" class=\"vc_sep_line\"><\/span><\/span>\n<\/div>\n\t<div class=\"wpb_text_column wpb_content_element  vc_custom_1651871659662\" >\n\t\t<div class=\"wpb_wrapper\">\n\t\t\t<p style=\"color: #106a2a; text-align: center;\"><strong>Follow us<\/strong><\/p>\n\n\t\t<\/div>\n\t<\/div>\n<div class=\"vc_row wpb_row vc_inner vc_row-fluid vc_column-gap-default\"><div class=\"wpb_column vc_column_container vc_col-sm-4\"><div class=\"vc_column-inner\"><div class=\"wpb_wrapper\"><\/div><\/div><\/div><div class=\"wpb_column vc_column_container vc_col-sm-4\"><div class=\"vc_column-inner vc_custom_1651872010194\"><div class=\"wpb_wrapper\"><section class=\"widget-container fab2 ts-social-icons\"><h3 class=\"widget-title heading-title hidden\">Social Icons<\/h3>\t\t\t\r\n\t\t\t<div class=\"social-icons show-tooltip columns-2\">\r\n\t\t\t\t<ul class=\"list-icons\">\r\n\t\t\t\t\t\t\t\t\t\t\t<li class=\"facebook\"><a href=\"https:\/\/www.facebook.com\/profile.php?viewas=100000686899395&#038;id=100078470520841&#038;locale=es_LA\" target=\"_blank\" title=\"\" ><i class=\"fab fa-facebook-f\"><\/i><span class=\"ts-tooltip social-tooltip\">Facebook<\/span><\/a><\/li>\t\t\t\t\r\n\t\t\t\t\t\t\t\t\t\t\t\t\t\t\t\t\t\t\t\t\t\t\t\t\t\t\t\t\t\t\t<li class=\"linkedin\"><a href=\"https:\/\/www.linkedin.com\/company\/78852592\/admin\/feed\/posts\/\" target=\"_blank\" title=\"\" ><i class=\"fab fa-linkedin-in\"><\/i><span class=\"ts-tooltip social-tooltip\">LinkedIn<\/span><\/a><\/li>\r\n\t\t\t\t\t\t\t\t\t\t\t\t\t\t\t\t\t\t\t\t\t\t\t\t\t\r\n\t\t\t\t\t\t\t\t\t\t\t\t\t\t\t\t\t\t\t<\/ul>\r\n\t\t\t<\/div>\r\n\r\n\t\t\t<\/section><\/div><\/div><\/div><div class=\"wpb_column vc_column_container vc_col-sm-4\"><div class=\"vc_column-inner\"><div class=\"wpb_wrapper\"><\/div><\/div><\/div><\/div>\t<\/div>\n<\/div><\/div><div class=\"vc_row-full-width\"><\/div>\t<div  class=\"vc_row wpb_row vc_row-fluid wpb_animate_when_almost_visible wpb_fadeInUpBig fadeInUpBig vc_column-gap-35 vc_row-o-content-middle vc_row-flex ts-row-boxed loading\"  data-vc-full-width=\"true\" data-vc-full-width-init=\"false\"  ><div class=\"wpb_column vc_column_container vc_col-sm-8 vc_hidden-lg vc_hidden-md vc_hidden-sm\">\n\t<div class=\"wpb_wrapper\">\n\t\n\t<div class=\"wpb_text_column wpb_content_element\" >\n\t\t<div class=\"wpb_wrapper\">\n\t\t\t<p style=\"font-size: 22px; text-align: justify;\">OMC Pharma Medic is at your disposal. If you are interested in requesting our services or have any questions, please complete the form or contact our telephone center +51 1 635 0641.<\/p>\n\n\t\t<\/div>\n\t<\/div>\n\n<div class=\"wpcf7 no-js\" id=\"wpcf7-f17-o2\" lang=\"en-US\" dir=\"ltr\" data-wpcf7-id=\"17\">\n<div class=\"screen-reader-response\"><p role=\"status\" aria-live=\"polite\" aria-atomic=\"true\"><\/p> <ul><\/ul><\/div>\n<form action=\"\/en\/wp-json\/wp\/v2\/pages\/1613#wpcf7-f17-o2\" method=\"post\" class=\"wpcf7-form init\" aria-label=\"Contact form\" novalidate=\"novalidate\" data-status=\"init\" data-trp-original-action=\"\/en\/wp-json\/wp\/v2\/pages\/1613#wpcf7-f17-o2\">\n<fieldset class=\"hidden-fields-container\"><input type=\"hidden\" name=\"_wpcf7\" value=\"17\" \/><input type=\"hidden\" name=\"_wpcf7_version\" value=\"6.1.2\" \/><input type=\"hidden\" name=\"_wpcf7_locale\" value=\"en_US\" \/><input type=\"hidden\" name=\"_wpcf7_unit_tag\" value=\"wpcf7-f17-o2\" \/><input type=\"hidden\" name=\"_wpcf7_container_post\" value=\"0\" \/><input type=\"hidden\" name=\"_wpcf7_posted_data_hash\" value=\"\" \/><input type=\"hidden\" name=\"_wpcf7_recaptcha_response\" value=\"\" \/>\n<\/fieldset>\n<div class=\"contact-form\">\n\t<div class=\"info-wrapper\">\n\t\t<p><span class=\"wpcf7-form-control-wrap\" data-name=\"nombre\"><input size=\"40\" maxlength=\"400\" class=\"wpcf7-form-control wpcf7-text wpcf7-validates-as-required\" aria-required=\"true\" aria-invalid=\"false\" placeholder=\"Name\" value=\"\" type=\"text\" name=\"nombre\" \/><\/span>\n\t\t<\/p>\n\t\t<p><span class=\"wpcf7-form-control-wrap\" data-name=\"correo\"><input size=\"40\" maxlength=\"400\" class=\"wpcf7-form-control wpcf7-email wpcf7-validates-as-required wpcf7-text wpcf7-validates-as-email\" aria-required=\"true\" aria-invalid=\"false\" placeholder=\"E-mail\" value=\"\" type=\"email\" name=\"correo\" \/><\/span>\n\t\t<\/p>\n\t\t<p><span class=\"wpcf7-form-control-wrap\" data-name=\"telefono\"><input size=\"40\" maxlength=\"400\" class=\"wpcf7-form-control wpcf7-text wpcf7-validates-as-required\" aria-required=\"true\" aria-invalid=\"false\" placeholder=\"Phone\" value=\"\" type=\"text\" name=\"telefono\" \/><\/span>\n\t\t<\/p>\n\t<\/div>\n\t<p><span class=\"wpcf7-form-control-wrap\" data-name=\"consulta\"><textarea cols=\"40\" rows=\"5\" maxlength=\"2000\" class=\"wpcf7-form-control wpcf7-textarea wpcf7-validates-as-required\" aria-required=\"true\" aria-invalid=\"false\" placeholder=\"Message\" name=\"consulta\"><\/textarea><\/span>\n\t<\/p>\n\t<p class=\"clearfix\"><input class=\"wpcf7-form-control wpcf7-submit has-spinner button-primary\" type=\"submit\" value=\"Send\" \/>\n\t<\/p>\n<\/div><div class=\"wpcf7-response-output\" aria-hidden=\"true\"><\/div>\n<input type=\"hidden\" name=\"trp-form-language\" value=\"en\"\/><\/form>\n<\/div>\n\t<\/div>\n<\/div><div class=\"wpb_column vc_column_container vc_col-sm-4 vc_hidden-lg vc_hidden-md vc_hidden-sm\">\n\t<div class=\"wpb_wrapper\">\n\t<div class=\"vc_empty_space\"   style=\"height: 50px\"><span class=\"vc_empty_space_inner\"><\/span><\/div>\n\t<div class=\"wpb_text_column wpb_content_element  vc_custom_1651855489728\" >\n\t\t<div class=\"wpb_wrapper\">\n\t\t\t<p style=\"color: #106a2a; text-align: center;\"><strong>Business hours<\/strong><\/p>\n\n\t\t<\/div>\n\t<\/div>\n\n\t<div class=\"wpb_text_column wpb_content_element  vc_custom_1651855516237\" >\n\t\t<div class=\"wpb_wrapper\">\n\t\t\t<p style=\"color: #106a2a; text-align: center;\">From Monday to Friday<\/p>\n\n\t\t<\/div>\n\t<\/div>\n\n\t<div class=\"wpb_text_column wpb_content_element  vc_custom_1651855533895\" >\n\t\t<div class=\"wpb_wrapper\">\n\t\t\t<p style=\"color: #106a2a; text-align: center;\">9:00 am to 1:00 pm \u2013 2:00 pm to 6:00 pm<\/p>\n\n\t\t<\/div>\n\t<\/div>\n\n\t<div class=\"wpb_text_column wpb_content_element  vc_custom_1651871528900\" >\n\t\t<div class=\"wpb_wrapper\">\n\t\t\t<p style=\"text-align: center;\"><a style=\"color: #106a2a;\" href=\"mailto:info@omcpharmamedic.com\"><strong style=\"font-weight: 600;\"><img loading=\"lazy\" decoding=\"async\" class=\"alignnone size-full wp-image-17411\" src=\"https:\/\/omcpharmamedic.com\/wp-content\/uploads\/mail-light-orange.png\" alt=\"\" width=\"20\" height=\"20\" \/>info@omcpharmamedic.com<\/strong><\/a><\/p>\n\n\t\t<\/div>\n\t<\/div>\n\n\t<div class=\"wpb_text_column wpb_content_element  vc_custom_1651871644819\" >\n\t\t<div class=\"wpb_wrapper\">\n\t\t\t<p style=\"text-align: center; color: #106a2a; margin-bottom: 5px; line-height: 30px;\"><img loading=\"lazy\" decoding=\"async\" class=\"alignnone size-full wp-image-17376\" src=\"https:\/\/omcpharmamedic.com\/wp-content\/uploads\/phone-icon.png\" alt=\"phone-icon\" width=\"20\" height=\"20\" \/><strong>+51 1 635 0641<\/strong><\/p>\n\n\t\t<\/div>\n\t<\/div>\n<div class=\"vc_separator wpb_content_element vc_separator_align_center vc_sep_width_90 vc_sep_pos_align_left vc_separator_no_text vc_custom_1651877311270  vc_custom_1651877311270\" ><span class=\"vc_sep_holder vc_sep_holder_l\"><span  style=\"border-color:#106a2a;\" class=\"vc_sep_line\"><\/span><\/span><span class=\"vc_sep_holder vc_sep_holder_r\"><span  style=\"border-color:#106a2a;\" class=\"vc_sep_line\"><\/span><\/span>\n<\/div>\n\t<div class=\"wpb_text_column wpb_content_element  vc_custom_1651871659662\" >\n\t\t<div class=\"wpb_wrapper\">\n\t\t\t<p style=\"color: #106a2a; text-align: center;\"><strong>Follow us<\/strong><\/p>\n\n\t\t<\/div>\n\t<\/div>\n<div class=\"vc_row wpb_row vc_inner vc_row-fluid vc_column-gap-default\"><div class=\"wpb_column vc_column_container vc_col-sm-4\"><div class=\"vc_column-inner\"><div class=\"wpb_wrapper\"><\/div><\/div><\/div><div class=\"wpb_column vc_column_container vc_col-sm-4\"><div class=\"vc_column-inner vc_custom_1651872010194\"><div class=\"wpb_wrapper\"><section class=\"widget-container fab2 ts-social-icons\"><h3 class=\"widget-title heading-title hidden\">Social Icons<\/h3>\t\t\t\r\n\t\t\t<div class=\"social-icons show-tooltip columns-2\">\r\n\t\t\t\t<ul class=\"list-icons\">\r\n\t\t\t\t\t\t\t\t\t\t\t<li class=\"facebook\"><a href=\"#\" target=\"_blank\" title=\"\" ><i class=\"fab fa-facebook-f\"><\/i><span class=\"ts-tooltip social-tooltip\">Facebook<\/span><\/a><\/li>\t\t\t\t\r\n\t\t\t\t\t\t\t\t\t\t\t\t\t\t\t\t\t\t\t\t\t\t\t\t\t\t\t\t\t\t\t<li class=\"linkedin\"><a href=\"#\" target=\"_blank\" title=\"\" ><i class=\"fab fa-linkedin-in\"><\/i><span class=\"ts-tooltip social-tooltip\">LinkedIn<\/span><\/a><\/li>\r\n\t\t\t\t\t\t\t\t\t\t\t\t\t\t\t\t\t\t\t\t\t\t\t\t\t\r\n\t\t\t\t\t\t\t\t\t\t\t\t\t\t\t\t\t\t\t<\/ul>\r\n\t\t\t<\/div>\r\n\r\n\t\t\t<\/section><\/div><\/div><\/div><div class=\"wpb_column vc_column_container vc_col-sm-4\"><div class=\"vc_column-inner\"><div class=\"wpb_wrapper\"><\/div><\/div><\/div><\/div><div class=\"vc_empty_space\"   style=\"height: 50px\"><span class=\"vc_empty_space_inner\"><\/span><\/div>\t<\/div>\n<\/div><\/div><div class=\"vc_row-full-width\"><\/div>\t<div  class=\"vc_row wpb_row vc_row-fluid vc_column-gap-default ts-row-wide\"  ><div class=\"wpb_column vc_column_container vc_col-sm-12 vc_hidden-md vc_hidden-sm vc_hidden-xs\">\n\t<div class=\"wpb_wrapper\">\n\t<div class=\"vc_empty_space\"   style=\"height: 100px\"><span class=\"vc_empty_space_inner\"><\/span><\/div>\t<\/div>\n<\/div><\/div>","protected":false},"excerpt":{"rendered":"Cont\u00e1ctanos OMC Pharma Medic est\u00e1 a su disposici\u00f3n. Si se encuentra interesado en solicitar nuestros servicios o realizar una consulta, solo debe completar el formulario o si lo prefiere puede comunicarse llamando a nuestra central telef\u00f3nica +51 1 635 0641. Horario de atenci\u00f3n: De lunes a viernes 9:00 am a 1:00 pm - 2:00 pm [...]","protected":false},"author":1,"featured_media":0,"parent":0,"menu_order":0,"comment_status":"closed","ping_status":"closed","template":"","meta":{"footnotes":""},"class_list":["post-1613","page","type-page","status-publish","hentry"],"_links":{"self":[{"href":"https:\/\/omcpharmamedic.com\/en\/wp-json\/wp\/v2\/pages\/1613","targetHints":{"allow":["GET"]}}],"collection":[{"href":"https:\/\/omcpharmamedic.com\/en\/wp-json\/wp\/v2\/pages"}],"about":[{"href":"https:\/\/omcpharmamedic.com\/en\/wp-json\/wp\/v2\/types\/page"}],"author":[{"embeddable":true,"href":"https:\/\/omcpharmamedic.com\/en\/wp-json\/wp\/v2\/users\/1"}],"replies":[{"embeddable":true,"href":"https:\/\/omcpharmamedic.com\/en\/wp-json\/wp\/v2\/comments?post=1613"}],"version-history":[{"count":90,"href":"https:\/\/omcpharmamedic.com\/en\/wp-json\/wp\/v2\/pages\/1613\/revisions"}],"predecessor-version":[{"id":18813,"href":"https:\/\/omcpharmamedic.com\/en\/wp-json\/wp\/v2\/pages\/1613\/revisions\/18813"}],"wp:attachment":[{"href":"https:\/\/omcpharmamedic.com\/en\/wp-json\/wp\/v2\/media?parent=1613"}],"curies":[{"name":"wp","href":"https:\/\/api.w.org\/{rel}","templated":true}]}}