{"id":17704,"date":"2022-01-26T22:05:07","date_gmt":"2022-01-27T03:05:07","guid":{"rendered":"https:\/\/omcpharmamedic.com\/?page_id=17704"},"modified":"2022-09-14T22:58:11","modified_gmt":"2022-09-15T03:58:11","slug":"quienes-somos","status":"publish","type":"page","link":"https:\/\/omcpharmamedic.com\/en\/about-us\/","title":{"rendered":"About us"},"content":{"rendered":"<div  class=\"vc_row wpb_row vc_row-fluid wpb_animate_when_almost_visible wpb_fadeIn fadeIn vc_custom_1654718310121 vc_column-gap-default ts-row-wide ts-parallax-bg loading\"  data-vc-full-width=\"true\" data-vc-full-width-init=\"false\"  style=\"background-image: url(https:\/\/omcpharmamedic.com\/wp-content\/uploads\/header-quienes-somos-1920x1180-1.jpg);\"><div class=\"wpb_column vc_column_container vc_col-sm-12\">\n\t<div class=\"wpb_wrapper\">\n\t<h1 style=\"font-size: 46px;color: #ffffff;text-align: center;font-family:Corben;font-weight:400;font-style:normal\" class=\"vc_custom_heading shadow wpb_animate_when_almost_visible wpb_fadeInDown fadeInDown\" >About us<\/h1>\t<\/div>\n<\/div><\/div><div class=\"vc_row-full-width\"><\/div>\t<div  class=\"vc_row wpb_row vc_row-fluid vc_column-gap-default ts-row-wide\"  ><div class=\"wpb_column vc_column_container vc_col-sm-12\">\n\t<div class=\"wpb_wrapper\">\n\t<div class=\"vc_empty_space\"   style=\"height: 80px\"><span class=\"vc_empty_space_inner\"><\/span><\/div>\t<\/div>\n<\/div><\/div>\t<div  class=\"vc_row wpb_row vc_row-fluid wpb_animate_when_almost_visible wpb_fadeInUp fadeInUp vc_column-gap-default vc_row-o-content-middle vc_row-flex ts-row-boxed loading\"  data-vc-full-width=\"true\" data-vc-full-width-init=\"false\"  ><div class=\"wpb_column vc_column_container vc_col-sm-6\">\n\t<div class=\"wpb_wrapper\">\n\t<h2 style=\"font-size: 30px;color: #106a2a;text-align: left;font-family:Corben;font-weight:400;font-style:normal\" class=\"vc_custom_heading\" >OMC Pharma Medic<\/h2>\n\t<div class=\"wpb_text_column wpb_content_element\" >\n\t\t<div class=\"wpb_wrapper\">\n\t\t\t<p style=\"font-size: 22px; text-align: justify; color: #777;\">OMC Pharmamedic SAC is a company devoted to managing the obtaining of licenses and permits before the Peruvian health authorities, in addition to the import, storage, representation, distribution and\/or marketing of pharmaceutical, health, therapeutic products, medical devices, nutritional supplements, herbal and natural medicine, beauty products, cosmetics, personal hygiene and household hygiene products, as well as supplies for the preparation thereof.<\/p>\n\n\t\t<\/div>\n\t<\/div>\n\t<\/div>\n<\/div><div class=\"wpb_column vc_column_container vc_col-sm-6\">\n\t<div class=\"wpb_wrapper\">\n\t\n\t<div  class=\"wpb_single_image wpb_content_element vc_align_left\">\n\t\t\n\t\t<figure class=\"wpb_wrapper vc_figure\">\n\t\t\t<div class=\"vc_single_image-wrapper vc_box_border  vc_box_border_grey\"><img loading=\"lazy\" decoding=\"async\" width=\"1096\" height=\"704\" src=\"https:\/\/omcpharmamedic.com\/wp-content\/uploads\/farmaceutica-logistica.jpg\" class=\"vc_single_image-img attachment-full\" alt=\"\" title=\"farmaceutica-logistica\" srcset=\"https:\/\/omcpharmamedic.com\/wp-content\/uploads\/farmaceutica-logistica.jpg 1096w, https:\/\/omcpharmamedic.com\/wp-content\/uploads\/farmaceutica-logistica-300x193.jpg 300w, https:\/\/omcpharmamedic.com\/wp-content\/uploads\/farmaceutica-logistica-1024x658.jpg 1024w, https:\/\/omcpharmamedic.com\/wp-content\/uploads\/farmaceutica-logistica-768x493.jpg 768w, https:\/\/omcpharmamedic.com\/wp-content\/uploads\/farmaceutica-logistica-600x385.jpg 600w, https:\/\/omcpharmamedic.com\/wp-content\/uploads\/farmaceutica-logistica-310x199.jpg 310w\" sizes=\"auto, (max-width: 1096px) 100vw, 1096px\" \/><\/div>\n\t\t<\/figure>\n\t<\/div>\n\t<\/div>\n<\/div><\/div><div class=\"vc_row-full-width\"><\/div>\t<div  class=\"vc_row wpb_row vc_row-fluid vc_column-gap-default ts-row-wide\"  ><div class=\"wpb_column vc_column_container vc_col-sm-12\">\n\t<div class=\"wpb_wrapper\">\n\t<div class=\"vc_empty_space\"   style=\"height: 50px\"><span class=\"vc_empty_space_inner\"><\/span><\/div>\t<\/div>\n<\/div><\/div>\t<div  class=\"vc_row wpb_row vc_row-fluid wpb_animate_when_almost_visible wpb_fadeInUp fadeInUp vc_column-gap-default vc_row-o-content-middle vc_row-flex ts-row-boxed loading\"  data-vc-full-width=\"true\" data-vc-full-width-init=\"false\"  ><div class=\"wpb_column vc_column_container vc_col-sm-6 vc_hidden-xs\">\n\t<div class=\"wpb_wrapper\">\n\t\n\t<div  class=\"wpb_single_image wpb_content_element vc_align_left\">\n\t\t\n\t\t<figure class=\"wpb_wrapper vc_figure\">\n\t\t\t<div class=\"vc_single_image-wrapper vc_box_border  vc_box_border_grey\"><img loading=\"lazy\" decoding=\"async\" width=\"1024\" height=\"756\" src=\"https:\/\/omcpharmamedic.com\/wp-content\/uploads\/mision-vision-valores-omc.jpg\" class=\"vc_single_image-img attachment-full\" alt=\"\" title=\"mision-vision-valores-omc\" srcset=\"https:\/\/omcpharmamedic.com\/wp-content\/uploads\/mision-vision-valores-omc.jpg 1024w, https:\/\/omcpharmamedic.com\/wp-content\/uploads\/mision-vision-valores-omc-300x221.jpg 300w, https:\/\/omcpharmamedic.com\/wp-content\/uploads\/mision-vision-valores-omc-768x567.jpg 768w, https:\/\/omcpharmamedic.com\/wp-content\/uploads\/mision-vision-valores-omc-600x443.jpg 600w, https:\/\/omcpharmamedic.com\/wp-content\/uploads\/mision-vision-valores-omc-310x229.jpg 310w\" sizes=\"auto, (max-width: 1024px) 100vw, 1024px\" \/><\/div>\n\t\t<\/figure>\n\t<\/div>\n\t<\/div>\n<\/div><div class=\"wpb_column vc_column_container vc_col-sm-6 vc_hidden-xs vc_custom_1663211878024\">\n\t<div class=\"wpb_wrapper\">\n\t<h2 style=\"color: #106a2a;text-align: left;font-family:Corben;font-weight:400;font-style:normal\" class=\"vc_custom_heading\" >Mision<\/h2>\n\t<div class=\"wpb_text_column wpb_content_element\" >\n\t\t<div class=\"wpb_wrapper\">\n\t\t\t<p style=\"font-size: 22px; color: #777777; text-align: justify;\">Being a company committed to the clients, to the point of earning their trust, and thus having the full security that all the applied for Sanitary Registrations will be granted within a period according to law, and that they also have the professional support to keep them updated.<\/p>\n\n\t\t<\/div>\n\t<\/div>\n<h2 style=\"color: #106a2a;text-align: left;font-family:Corben;font-weight:400;font-style:normal\" class=\"vc_custom_heading\" >Vision<\/h2>\n\t<div class=\"wpb_text_column wpb_content_element\" >\n\t\t<div class=\"wpb_wrapper\">\n\t\t\t<p style=\"font-size: 22px; color: #777777; text-align: justify;\">Being a benchmark company in Peru and Latin America in terms of regulatory issues, adapting to new business models without neglecting our business values.<\/p>\n\n\t\t<\/div>\n\t<\/div>\n<h2 style=\"color: #106a2a;text-align: left;font-family:Corben;font-weight:400;font-style:normal\" class=\"vc_custom_heading\" >Values<\/h2>\n\t<div class=\"wpb_text_column wpb_content_element\" >\n\t\t<div class=\"wpb_wrapper\">\n\t\t\t<ul>\n<li style=\"font-size: 22px; text-align: left;\">Customer orientation.<\/li>\n<li style=\"font-size: 22px; text-align: left;\">Competitiveness.<\/li>\n<li style=\"font-size: 22px; text-align: left;\">Honesty and transparency.<\/li>\n<\/ul>\n\n\t\t<\/div>\n\t<\/div>\n\t<\/div>\n<\/div><\/div><div class=\"vc_row-full-width\"><\/div>\t<div  class=\"vc_row wpb_row vc_row-fluid wpb_animate_when_almost_visible wpb_fadeInUp fadeInUp vc_column-gap-default vc_row-o-content-middle vc_row-flex ts-row-boxed loading\"  data-vc-full-width=\"true\" data-vc-full-width-init=\"false\"  ><div class=\"wpb_column vc_column_container vc_col-sm-6 vc_hidden-lg vc_hidden-md vc_hidden-sm\">\n\t<div class=\"wpb_wrapper\">\n\t<h2 style=\"color: #106a2a;text-align: left;font-family:Corben;font-weight:400;font-style:normal\" class=\"vc_custom_heading\" >Mision<\/h2>\n\t<div class=\"wpb_text_column wpb_content_element\" >\n\t\t<div class=\"wpb_wrapper\">\n\t\t\t<p style=\"font-size: 22px; color: #777777; text-align: justify;\">Being a company committed to the clients, to the point of earning their trust, and thus having the full security that all the applied for Sanitary Registrations will be granted within a period according to law, and that they also have the professional support to keep them updated.<\/p>\n\n\t\t<\/div>\n\t<\/div>\n<h2 style=\"color: #106a2a;text-align: left;font-family:Corben;font-weight:400;font-style:normal\" class=\"vc_custom_heading\" >Vision<\/h2>\n\t<div class=\"wpb_text_column wpb_content_element\" >\n\t\t<div class=\"wpb_wrapper\">\n\t\t\t<p style=\"font-size: 22px; color: #777777; text-align: justify;\">Being a benchmark company in Peru and Latin America in terms of regulatory issues, adapting to new business models without neglecting our business values.<\/p>\n\n\t\t<\/div>\n\t<\/div>\n<h2 style=\"color: #106a2a;text-align: left;font-family:Corben;font-weight:400;font-style:normal\" class=\"vc_custom_heading\" >Values<\/h2>\n\t<div class=\"wpb_text_column wpb_content_element\" >\n\t\t<div class=\"wpb_wrapper\">\n\t\t\t<ul>\n<li style=\"font-size: 22px; text-align: left;\">Customer orientation.<\/li>\n<li style=\"font-size: 22px; text-align: left;\">Competitiveness.<\/li>\n<li style=\"font-size: 22px; text-align: left;\">Honesty and transparency.<\/li>\n<\/ul>\n\n\t\t<\/div>\n\t<\/div>\n\t<\/div>\n<\/div><div class=\"wpb_column vc_column_container vc_col-sm-6 vc_hidden-lg vc_hidden-md vc_hidden-sm vc_custom_1663211855261\">\n\t<div class=\"wpb_wrapper\">\n\t\n\t<div  class=\"wpb_single_image wpb_content_element vc_align_left\">\n\t\t\n\t\t<figure class=\"wpb_wrapper vc_figure\">\n\t\t\t<div class=\"vc_single_image-wrapper vc_box_border  vc_box_border_grey\"><img loading=\"lazy\" decoding=\"async\" width=\"1024\" height=\"756\" src=\"https:\/\/omcpharmamedic.com\/wp-content\/uploads\/mision-vision-valores-omc.jpg\" class=\"vc_single_image-img attachment-full\" alt=\"\" title=\"mision-vision-valores-omc\" srcset=\"https:\/\/omcpharmamedic.com\/wp-content\/uploads\/mision-vision-valores-omc.jpg 1024w, https:\/\/omcpharmamedic.com\/wp-content\/uploads\/mision-vision-valores-omc-300x221.jpg 300w, https:\/\/omcpharmamedic.com\/wp-content\/uploads\/mision-vision-valores-omc-768x567.jpg 768w, https:\/\/omcpharmamedic.com\/wp-content\/uploads\/mision-vision-valores-omc-600x443.jpg 600w, https:\/\/omcpharmamedic.com\/wp-content\/uploads\/mision-vision-valores-omc-310x229.jpg 310w\" sizes=\"auto, (max-width: 1024px) 100vw, 1024px\" \/><\/div>\n\t\t<\/figure>\n\t<\/div>\n\t<\/div>\n<\/div><\/div><div class=\"vc_row-full-width\"><\/div>\t<div  class=\"vc_row wpb_row vc_row-fluid vc_column-gap-default ts-row-wide\"  ><div class=\"wpb_column vc_column_container vc_col-sm-12\">\n\t<div class=\"wpb_wrapper\">\n\t<div class=\"vc_empty_space\"   style=\"height: 100px\"><span class=\"vc_empty_space_inner\"><\/span><\/div>\t<\/div>\n<\/div><\/div>","protected":false},"excerpt":{"rendered":"\u00bfQui\u00e9nes somos? OMC Pharma Medic OMC Pharmamedic SAC es una empresa dedicada a gestionar la obtenci\u00f3n de licencias y permisos ante las autoridades sanitarias peruanas, adem\u00e1s de la importaci\u00f3n, almacenamiento, representaci\u00f3n, distribuci\u00f3n y\/o comercializaci\u00f3n de productos farmac\u00e9uticos, sanitarios, terap\u00e9uticos, dispositivos m\u00e9dicos, suplementos nutricionales, medicina herbal y natural, productos de belleza, cosm\u00e9ticos, productos de higiene personal [...]","protected":false},"author":1,"featured_media":0,"parent":0,"menu_order":0,"comment_status":"closed","ping_status":"closed","template":"","meta":{"footnotes":""},"class_list":["post-17704","page","type-page","status-publish","hentry"],"_links":{"self":[{"href":"https:\/\/omcpharmamedic.com\/en\/wp-json\/wp\/v2\/pages\/17704","targetHints":{"allow":["GET"]}}],"collection":[{"href":"https:\/\/omcpharmamedic.com\/en\/wp-json\/wp\/v2\/pages"}],"about":[{"href":"https:\/\/omcpharmamedic.com\/en\/wp-json\/wp\/v2\/types\/page"}],"author":[{"embeddable":true,"href":"https:\/\/omcpharmamedic.com\/en\/wp-json\/wp\/v2\/users\/1"}],"replies":[{"embeddable":true,"href":"https:\/\/omcpharmamedic.com\/en\/wp-json\/wp\/v2\/comments?post=17704"}],"version-history":[{"count":200,"href":"https:\/\/omcpharmamedic.com\/en\/wp-json\/wp\/v2\/pages\/17704\/revisions"}],"predecessor-version":[{"id":18634,"href":"https:\/\/omcpharmamedic.com\/en\/wp-json\/wp\/v2\/pages\/17704\/revisions\/18634"}],"wp:attachment":[{"href":"https:\/\/omcpharmamedic.com\/en\/wp-json\/wp\/v2\/media?parent=17704"}],"curies":[{"name":"wp","href":"https:\/\/api.w.org\/{rel}","templated":true}]}}