{"id":17718,"date":"2022-01-26T22:36:26","date_gmt":"2022-01-27T03:36:26","guid":{"rendered":"https:\/\/omcpharmamedic.com\/?page_id=17718"},"modified":"2023-09-25T11:42:21","modified_gmt":"2023-09-25T16:42:21","slug":"servicios","status":"publish","type":"page","link":"https:\/\/omcpharmamedic.com\/en\/services\/","title":{"rendered":"Services"},"content":{"rendered":"<div  class=\"vc_row wpb_row vc_row-fluid wpb_animate_when_almost_visible wpb_fadeIn fadeIn vc_custom_1695241107206 vc_column-gap-default ts-row-wide loading\"  data-vc-full-width=\"true\" data-vc-full-width-init=\"false\"  ><div class=\"wpb_column vc_column_container vc_col-sm-12\">\n\t<div class=\"wpb_wrapper\">\n\t<h1 style=\"font-size: 46px;color: #ffffff;text-align: center;font-family:Corben;font-weight:400;font-style:normal\" class=\"vc_custom_heading shadow wpb_animate_when_almost_visible wpb_fadeInDown fadeInDown\" >Services<\/h1>\t<\/div>\n<\/div><\/div><div class=\"vc_row-full-width\"><\/div>\t<div  class=\"vc_row wpb_row vc_row-fluid vc_column-gap-default ts-row-wide loading\"  data-vc-full-width=\"true\" data-vc-full-width-init=\"false\"  ><div class=\"wpb_column vc_column_container vc_col-sm-12\">\n\t<div class=\"wpb_wrapper\">\n\t<div class=\"vc_empty_space\"   style=\"height: 80px\"><span class=\"vc_empty_space_inner\"><\/span><\/div>\t<\/div>\n<\/div><\/div><div class=\"vc_row-full-width\"><\/div>\t<div  class=\"vc_row wpb_row vc_row-fluid wpb_animate_when_almost_visible wpb_fadeInUp fadeInUp vc_custom_1663212534056 vc_column-gap-default ts-row-boxed loading\"  data-vc-full-width=\"true\" data-vc-full-width-init=\"false\"  ><div class=\"wpb_column vc_column_container vc_col-sm-12\">\n\t<div class=\"wpb_wrapper\">\n\t\n\t<div class=\"wpb_text_column wpb_content_element\" >\n\t\t<div class=\"wpb_wrapper\">\n\t\t\t<p style=\"font-size: 22px; text-align: left;\">We are at your entire disposal in case you need guidance in the following categories:<\/p>\n\n\t\t<\/div>\n\t<\/div>\n\t<\/div>\n<\/div><\/div><div class=\"vc_row-full-width\"><\/div>\t<div  class=\"vc_row wpb_row vc_row-fluid vc_column-gap-default ts-row-boxed loading\"  data-vc-full-width=\"true\" data-vc-full-width-init=\"false\"  ><div class=\"wpb_column vc_column_container vc_col-sm-12\">\n\t<div class=\"wpb_wrapper\">\n\t<div class=\"vc_empty_space\"   style=\"height: 30px\"><span class=\"vc_empty_space_inner\"><\/span><\/div>\t<\/div>\n<\/div><\/div><div class=\"vc_row-full-width\"><\/div>\t<div  class=\"vc_row wpb_row vc_row-fluid wpb_animate_when_almost_visible wpb_fadeInUpBig fadeInUpBig vc_column-gap-default vc_row-o-content-middle vc_row-flex ts-row-boxed loading\"  data-vc-full-width=\"true\" data-vc-full-width-init=\"false\"  ><div class=\"wpb_column vc_column_container vc_col-sm-6\">\n\t<div class=\"wpb_wrapper\">\n\t<h2 style=\"font-size: 30px;color: #106a2a;line-height: 30px;text-align: left;font-family:Corben;font-weight:400;font-style:normal\" class=\"vc_custom_heading\" id=\"asuntos-regulatorios\">Life Sciences &amp; Health Care:<\/h2>\n\t<div class=\"wpb_text_column wpb_content_element\" >\n\t\t<div class=\"wpb_wrapper\">\n\t\t\t<p style=\"font-size: 22px; text-align: justify;\">Activities related to obtaining sanitary registrations.<\/p>\n<p style=\"font-size: 22px; text-align: justify;\">Our team of professionals will be in charge of carrying out the procedures for obtaining the Sanitary Registry, renewal, changes in the registry and keeping the Dossier of each product updated.<\/p>\n\n\t\t<\/div>\n\t<\/div>\n\t<\/div>\n<\/div><div class=\"wpb_column vc_column_container vc_col-sm-6\">\n\t<div class=\"wpb_wrapper\">\n\t\n\t<div  class=\"wpb_single_image wpb_content_element vc_align_left\">\n\t\t\n\t\t<figure class=\"wpb_wrapper vc_figure\">\n\t\t\t<div class=\"vc_single_image-wrapper vc_box_border  vc_box_border_grey\"><img loading=\"lazy\" decoding=\"async\" width=\"1024\" height=\"683\" src=\"https:\/\/omcpharmamedic.com\/wp-content\/uploads\/asuntos-regulatorios.jpg\" class=\"vc_single_image-img attachment-full\" alt=\"\" title=\"asuntos-regulatorios\" srcset=\"https:\/\/omcpharmamedic.com\/wp-content\/uploads\/asuntos-regulatorios.jpg 1024w, https:\/\/omcpharmamedic.com\/wp-content\/uploads\/asuntos-regulatorios-300x200.jpg 300w, https:\/\/omcpharmamedic.com\/wp-content\/uploads\/asuntos-regulatorios-768x512.jpg 768w, https:\/\/omcpharmamedic.com\/wp-content\/uploads\/asuntos-regulatorios-600x400.jpg 600w, https:\/\/omcpharmamedic.com\/wp-content\/uploads\/asuntos-regulatorios-310x207.jpg 310w\" sizes=\"auto, (max-width: 1024px) 100vw, 1024px\" \/><\/div>\n\t\t<\/figure>\n\t<\/div>\n\t<\/div>\n<\/div><\/div><div class=\"vc_row-full-width\"><\/div>\t<div  class=\"vc_row wpb_row vc_row-fluid vc_column-gap-default ts-row-wide loading\"  data-vc-full-width=\"true\" data-vc-full-width-init=\"false\"  ><div class=\"wpb_column vc_column_container vc_col-sm-12\">\n\t<div class=\"wpb_wrapper\">\n\t<div class=\"vc_empty_space\"   style=\"height: 50px\"><span class=\"vc_empty_space_inner\"><\/span><\/div>\t<\/div>\n<\/div><\/div><div class=\"vc_row-full-width\"><\/div>\t<div  class=\"vc_row wpb_row vc_row-fluid wpb_animate_when_almost_visible wpb_fadeInUpBig fadeInUpBig vc_column-gap-default vc_row-o-content-middle vc_row-flex ts-row-boxed loading\"  data-vc-full-width=\"true\" data-vc-full-width-init=\"false\"  ><div class=\"wpb_column vc_column_container vc_col-sm-6 vc_hidden-xs\">\n\t<div class=\"wpb_wrapper\">\n\t\n\t<div  class=\"wpb_single_image wpb_content_element vc_align_left\">\n\t\t\n\t\t<figure class=\"wpb_wrapper vc_figure\">\n\t\t\t<div class=\"vc_single_image-wrapper vc_box_border  vc_box_border_grey\"><img loading=\"lazy\" decoding=\"async\" width=\"1024\" height=\"683\" src=\"https:\/\/omcpharmamedic.com\/wp-content\/uploads\/autorizaciones-sanitarias-de-funcionamiento-certificaciones.jpg\" class=\"vc_single_image-img attachment-full\" alt=\"\" title=\"autorizaciones-sanitarias-de-funcionamiento-certificaciones\" srcset=\"https:\/\/omcpharmamedic.com\/wp-content\/uploads\/autorizaciones-sanitarias-de-funcionamiento-certificaciones.jpg 1024w, https:\/\/omcpharmamedic.com\/wp-content\/uploads\/autorizaciones-sanitarias-de-funcionamiento-certificaciones-300x200.jpg 300w, https:\/\/omcpharmamedic.com\/wp-content\/uploads\/autorizaciones-sanitarias-de-funcionamiento-certificaciones-768x512.jpg 768w, https:\/\/omcpharmamedic.com\/wp-content\/uploads\/autorizaciones-sanitarias-de-funcionamiento-certificaciones-600x400.jpg 600w, https:\/\/omcpharmamedic.com\/wp-content\/uploads\/autorizaciones-sanitarias-de-funcionamiento-certificaciones-310x207.jpg 310w\" sizes=\"auto, (max-width: 1024px) 100vw, 1024px\" \/><\/div>\n\t\t<\/figure>\n\t<\/div>\n\t<\/div>\n<\/div><div class=\"wpb_column vc_column_container vc_col-sm-6 vc_hidden-xs\">\n\t<div class=\"wpb_wrapper\">\n\t<h2 style=\"font-size: 30px;color: #106a2a;line-height: 30px;text-align: left;font-family:Corben;font-weight:400;font-style:normal\" class=\"vc_custom_heading\" id=\"autorizaciones-sanitarias-de-funcionamiento-y-certificaciones\">Operating Health Authorizations (OHA) and Certifications<\/h2>\n\t<div class=\"wpb_text_column wpb_content_element\" >\n\t\t<div class=\"wpb_wrapper\">\n\t\t\t<p style=\"font-size: 22px; text-align: justify;\">All pharmaceutical establishments must have the permits to import, store, distribute and market pharmaceutical products, health products and medical devices, and each establishment has the duty to comply with and maintain the certifications of GSP (Good Storage Practices), GDTP (Good Distribution and Transportation Practices) and GVP (Good Pharmacovigilance Practices) in accordance with Peruvian regulations.<\/p>\n\n\t\t<\/div>\n\t<\/div>\n\t<\/div>\n<\/div><\/div><div class=\"vc_row-full-width\"><\/div>\t<div  class=\"vc_row wpb_row vc_row-fluid vc_column-gap-default ts-row-boxed loading\"  data-vc-full-width=\"true\" data-vc-full-width-init=\"false\"  ><div class=\"wpb_column vc_column_container vc_col-sm-12\">\n\t<div class=\"wpb_wrapper\">\n\t<div class=\"vc_empty_space\"   style=\"height: 50px\"><span class=\"vc_empty_space_inner\"><\/span><\/div>\t<\/div>\n<\/div><\/div><div class=\"vc_row-full-width\"><\/div>\t<div  class=\"vc_row wpb_row vc_row-fluid wpb_animate_when_almost_visible wpb_fadeInUpBig fadeInUpBig vc_custom_1663213097997 vc_column-gap-default vc_row-o-content-middle vc_row-flex ts-row-boxed loading\"  data-vc-full-width=\"true\" data-vc-full-width-init=\"false\"  ><div class=\"wpb_column vc_column_container vc_col-sm-6\">\n\t<div class=\"wpb_wrapper\">\n\t<h2 style=\"font-size: 30px;color: #106a2a;line-height: 30px;text-align: left;font-family:Corben;font-weight:400;font-style:normal\" class=\"vc_custom_heading\" id=\"farmacovigilancia\">Pharmacovigilance<\/h2>\n\t<div class=\"wpb_text_column wpb_content_element\" >\n\t\t<div class=\"wpb_wrapper\">\n\t\t\t<p style=\"font-size: 22px; text-align: justify;\">Actividad de salud p\u00fablica dedicada a identificar, evaluar y prevenir los riesgos asociados al consumo de los medicamentos, productos biol\u00f3gicos, con el fin de evitar reacciones adversas y prevenir da\u00f1os al paciente.<\/p>\n\n\t\t<\/div>\n\t<\/div>\n\t<\/div>\n<\/div><div class=\"wpb_column vc_column_container vc_col-sm-6\">\n\t<div class=\"wpb_wrapper\">\n\t\n\t<div  class=\"wpb_single_image wpb_content_element vc_align_left\">\n\t\t\n\t\t<figure class=\"wpb_wrapper vc_figure\">\n\t\t\t<div class=\"vc_single_image-wrapper vc_box_border  vc_box_border_grey\"><img loading=\"lazy\" decoding=\"async\" width=\"1024\" height=\"683\" src=\"https:\/\/omcpharmamedic.com\/wp-content\/uploads\/farmacovigilancia.jpg\" class=\"vc_single_image-img attachment-full\" alt=\"\" title=\"farmacovigilancia\" srcset=\"https:\/\/omcpharmamedic.com\/wp-content\/uploads\/farmacovigilancia.jpg 1024w, https:\/\/omcpharmamedic.com\/wp-content\/uploads\/farmacovigilancia-300x200.jpg 300w, https:\/\/omcpharmamedic.com\/wp-content\/uploads\/farmacovigilancia-768x512.jpg 768w, https:\/\/omcpharmamedic.com\/wp-content\/uploads\/farmacovigilancia-600x400.jpg 600w, https:\/\/omcpharmamedic.com\/wp-content\/uploads\/farmacovigilancia-310x207.jpg 310w\" sizes=\"auto, (max-width: 1024px) 100vw, 1024px\" \/><\/div>\n\t\t<\/figure>\n\t<\/div>\n\t<\/div>\n<\/div><\/div><div class=\"vc_row-full-width\"><\/div>\t<div  class=\"vc_row wpb_row vc_row-fluid vc_column-gap-default ts-row-wide loading\"  data-vc-full-width=\"true\" data-vc-full-width-init=\"false\"  ><div class=\"wpb_column vc_column_container vc_col-sm-12\">\n\t<div class=\"wpb_wrapper\">\n\t<div class=\"vc_empty_space\"   style=\"height: 100px\"><span class=\"vc_empty_space_inner\"><\/span><\/div>\t<\/div>\n<\/div><\/div><div class=\"vc_row-full-width\"><\/div>","protected":false},"excerpt":{"rendered":"Servicios Estamos a su entera disposici\u00f3n en caso de necesitar orientaci\u00f3n en las siguientes categor\u00edas: Asuntos Regulatorios Conjunto de actividades relacionadas a la obtenci\u00f3n de registros sanitarios. Nuestro equipo de profesionales se encargar\u00e1 de realizar los tr\u00e1mites para la obtenci\u00f3n del Registro Sanitario, renovaci\u00f3n, cambios en el registro y de mantenerlo actualizado los Dossier de [...]","protected":false},"author":1,"featured_media":0,"parent":0,"menu_order":0,"comment_status":"closed","ping_status":"closed","template":"","meta":{"footnotes":""},"class_list":["post-17718","page","type-page","status-publish","hentry"],"_links":{"self":[{"href":"https:\/\/omcpharmamedic.com\/en\/wp-json\/wp\/v2\/pages\/17718","targetHints":{"allow":["GET"]}}],"collection":[{"href":"https:\/\/omcpharmamedic.com\/en\/wp-json\/wp\/v2\/pages"}],"about":[{"href":"https:\/\/omcpharmamedic.com\/en\/wp-json\/wp\/v2\/types\/page"}],"author":[{"embeddable":true,"href":"https:\/\/omcpharmamedic.com\/en\/wp-json\/wp\/v2\/users\/1"}],"replies":[{"embeddable":true,"href":"https:\/\/omcpharmamedic.com\/en\/wp-json\/wp\/v2\/comments?post=17718"}],"version-history":[{"count":149,"href":"https:\/\/omcpharmamedic.com\/en\/wp-json\/wp\/v2\/pages\/17718\/revisions"}],"predecessor-version":[{"id":18791,"href":"https:\/\/omcpharmamedic.com\/en\/wp-json\/wp\/v2\/pages\/17718\/revisions\/18791"}],"wp:attachment":[{"href":"https:\/\/omcpharmamedic.com\/en\/wp-json\/wp\/v2\/media?parent=17718"}],"curies":[{"name":"wp","href":"https:\/\/api.w.org\/{rel}","templated":true}]}}