{"id":17815,"date":"2022-02-08T16:24:00","date_gmt":"2022-02-08T21:24:00","guid":{"rendered":"https:\/\/omcpharmamedic.com\/?page_id=17815"},"modified":"2022-11-18T18:41:12","modified_gmt":"2022-11-18T23:41:12","slug":"productos-cbd","status":"publish","type":"page","link":"https:\/\/omcpharmamedic.com\/en\/cbd-products\/","title":{"rendered":"CBD Products"},"content":{"rendered":"<div  class=\"vc_row wpb_row vc_row-fluid wpb_animate_when_almost_visible wpb_fadeIn fadeIn vc_custom_1648442213594 vc_column-gap-default ts-row-wide ts-parallax-bg loading\"  data-vc-full-width=\"true\" data-vc-full-width-init=\"false\"  style=\"background-image: url(https:\/\/omcpharmamedic.com\/wp-content\/uploads\/cbd-header.jpg);\"><div class=\"wpb_column vc_column_container vc_col-sm-12\">\n\t<div class=\"wpb_wrapper\">\n\t<h1 style=\"font-size: 46px;color: #ffffff;text-align: center;font-family:Corben;font-weight:400;font-style:normal\" class=\"vc_custom_heading shadow wpb_animate_when_almost_visible wpb_fadeInDown fadeInDown\" >CBD Products<\/h1>\t<\/div>\n<\/div><\/div><div class=\"vc_row-full-width\"><\/div>\t<div  class=\"vc_row wpb_row vc_row-fluid wpb_animate_when_almost_visible wpb_fadeInUp fadeInUp vc_custom_1651262390366 vc_column-gap-default ts-row-wide\"  ><div class=\"wpb_column vc_column_container vc_col-sm-12\">\n\t<div class=\"wpb_wrapper\">\n\t\n\t<div class=\"wpb_text_column wpb_content_element\" >\n\t\t<div class=\"wpb_wrapper\">\n\t\t\t<p style=\"font-size: 22px; color: #106a2a; text-align: left;\">We have a wide variety of CBD-derived products<\/p>\n\n\t\t<\/div>\n\t<\/div>\n\t<\/div>\n<\/div><\/div>\t<div  class=\"vc_row wpb_row vc_row-fluid wpb_animate_when_almost_visible wpb_fadeInUpBig fadeInUpBig vc_custom_1644970530341 vc_column-gap-default ts-row-wide\"  ><div class=\"wpb_column vc_column_container vc_col-sm-12\">\n\t<div class=\"wpb_wrapper\">\n\t<div class=\"woocommerce columns-4\"><\/div>\t<\/div>\n<\/div><\/div>\t<div  class=\"vc_row wpb_row vc_row-fluid vc_column-gap-default ts-row-wide\"  ><div class=\"wpb_column vc_column_container vc_col-sm-12 vc_hidden-md vc_hidden-sm vc_hidden-xs\">\n\t<div class=\"wpb_wrapper\">\n\t<div class=\"vc_empty_space\"   style=\"height: 50px\"><span class=\"vc_empty_space_inner\"><\/span><\/div>\t<\/div>\n<\/div><\/div>\t<div  class=\"vc_row wpb_row vc_row-fluid wpb_animate_when_almost_visible wpb_fadeInUpBig fadeInUpBig vc_custom_1644970542004 vc_column-gap-default ts-row-wide loading\"  data-vc-full-width=\"true\" data-vc-full-width-init=\"false\"  ><div class=\"wpb_column vc_column_container vc_col-sm-12\">\n\t<div class=\"wpb_wrapper\">\n\t<div  class=\"vc_toggle vc_toggle_default vc_toggle_color_default  vc_toggle_size_md vc_toggle_active\"><div class=\"vc_toggle_title\"><h4>What is CBD and in what cases is it consumed?<\/h4><i class=\"vc_toggle_icon\"><\/i><\/div><div class=\"vc_toggle_content\"><p>Cannabidiol or CBD is the main component of the cannabis plant, in the Hemp variety, acting on the central nervous system. It does not cause the psychotropic effects of Tetrahydrocannabinol (THC), which is the psychoactive ingredient found in marijuana.<\/p>\n<p>As a regulator of pain perception and due to its benefits, it is used for the medical treatment of epilepsy, neurodegenerative diseases (for example, Alzheimer\u2019s, Parkinson\u2019s and Multiple Sclerosis), chemical dependencies, anxiety, psychosis, autism spectrum disorder, chronic inflammatory diseases such as chronic polyarthritis, Crohn\u2019s disease, inflammatory bowel disease, accompanying chemotherapy and antitumor treatment.<\/p>\n<p><strong>Therapeutic properties<\/strong><\/p>\n<ul>\n<li>Anti-inflammatory<\/li>\n<li>Analgesic<\/li>\n<li>Neuroprotective<\/li>\n<li>Anticonvulsant<\/li>\n<li>Antioxidant<\/li>\n<li>Anti-nausea and antiemetic<\/li>\n<li>Antitumor<\/li>\n<li>Anxiolytic<\/li>\n<li>Antipsychotic<\/li>\n<li>Reducer of cravings for heroin, cocaine and alcohol<\/li>\n<li>Immuno-modulator<\/li>\n<\/ul>\n<\/div><\/div><div  class=\"vc_toggle vc_toggle_default vc_toggle_color_default  vc_toggle_size_md\"><div class=\"vc_toggle_title\"><h4>How long does it take for CBD oil to take effect and how long does it stay in the body?<\/h4><i class=\"vc_toggle_icon\"><\/i><\/div><div class=\"vc_toggle_content\"><p>You will be able to notice its effect in a period of 20 to 30 minutes after having consumed it.<br \/>\nDepending on the mode of consumption, the average life of the oil in the body ranges from 2 to 3 hours to 20 hours.<\/p>\n<\/div><\/div><div  class=\"vc_toggle vc_toggle_default vc_toggle_color_default  vc_toggle_size_md\"><div class=\"vc_toggle_title\"><h4>What happens to CBD after it enters my body?<\/h4><i class=\"vc_toggle_icon\"><\/i><\/div><div class=\"vc_toggle_content\"><p>Among the side effects that can be produced by the consumption of therapeutic doses of cannabidiol, are dry mouth, diarrhea, decreased appetite, drowsiness and fatigue.<\/p>\n<\/div><\/div><div  class=\"vc_toggle vc_toggle_default vc_toggle_color_default  vc_toggle_size_md\"><div class=\"vc_toggle_title\"><h4>What happens to the THC?<\/h4><i class=\"vc_toggle_icon\"><\/i><\/div><div class=\"vc_toggle_content\"><p>THC or Tetrahydrocannabinol, is the most powerful and abundant psychoactive component found in the cannabis plant, affecting the mind and behavior of those who consume it, its effect being the one sought for recreational use.<\/p>\n<p>Tetrahydrocannabinol (THC) is used in treatments for diseases such as Parkinson\u2019s and Multiple Sclerosis, neuropathic pain, metastatic pain and osteoarthritis, accompaniment during the chemotherapy process, antitumor and oncological treatment.<\/p>\n<\/div><\/div><div  class=\"vc_toggle vc_toggle_default vc_toggle_color_default  vc_toggle_size_md\"><div class=\"vc_toggle_title\"><h4>What is psychoactive Cannabis?<\/h4><i class=\"vc_toggle_icon\"><\/i><\/div><div class=\"vc_toggle_content\"><p>This denomination is given to that substance that contains more than 1% of THC (\u0394-9-Tetrahydrocannabinol) in its composition.<\/p>\n<p>According to the current legislation on the use of medicinal Cannabis in Peru, it is in the category of Controlled Substances, ceasing to be a prohibited product and that can be marketed with a prescription.<\/p>\n<\/div><\/div><div  class=\"vc_toggle vc_toggle_default vc_toggle_color_default  vc_toggle_size_md\"><div class=\"vc_toggle_title\"><h4>What is non-psychoactive Cannabis?<\/h4><i class=\"vc_toggle_icon\"><\/i><\/div><div class=\"vc_toggle_content\"><p>Non-psychoactive Cannabis is one that has less than 1% THC (\u0394-9-Tetrahydrocannabinol) in its composition and, like its derivatives, belongs to the category of Non-Controlled Substances.<\/p>\n<p>No se encuentran considerados en el Reglamento de Estupefacientes, Psicotr\u00f3picos y otras Sustancias sujetas a fiscalizaci\u00f3n sanitaria.<\/p>\n<\/div><\/div>\t<\/div>\n<\/div><\/div><div class=\"vc_row-full-width\"><\/div>\t<div  class=\"vc_row wpb_row vc_row-fluid vc_column-gap-default ts-row-wide\"  ><div class=\"wpb_column vc_column_container vc_col-sm-12 vc_hidden-md vc_hidden-sm vc_hidden-xs\">\n\t<div class=\"wpb_wrapper\">\n\t<div class=\"vc_empty_space\"   style=\"height: 50px\"><span class=\"vc_empty_space_inner\"><\/span><\/div>\t<\/div>\n<\/div><\/div>","protected":false},"excerpt":{"rendered":"Productos CBD Contamos con una amplia variedad de productos derivados de CBD \u00bfQu\u00e9 es el CBD y en qu\u00e9 casos se consume?El cannabidiol o CBD es el principal componente de la planta del cannabis, en la variedad de Ca\u00f1amo, que act\u00faa en el sistema nervioso central. No produce los efectos psicotr\u00f3picos del Tetrahidrocannabinol (THC), que [...]","protected":false},"author":1,"featured_media":0,"parent":0,"menu_order":0,"comment_status":"closed","ping_status":"closed","template":"","meta":{"footnotes":""},"class_list":["post-17815","page","type-page","status-publish","hentry"],"_links":{"self":[{"href":"https:\/\/omcpharmamedic.com\/en\/wp-json\/wp\/v2\/pages\/17815","targetHints":{"allow":["GET"]}}],"collection":[{"href":"https:\/\/omcpharmamedic.com\/en\/wp-json\/wp\/v2\/pages"}],"about":[{"href":"https:\/\/omcpharmamedic.com\/en\/wp-json\/wp\/v2\/types\/page"}],"author":[{"embeddable":true,"href":"https:\/\/omcpharmamedic.com\/en\/wp-json\/wp\/v2\/users\/1"}],"replies":[{"embeddable":true,"href":"https:\/\/omcpharmamedic.com\/en\/wp-json\/wp\/v2\/comments?post=17815"}],"version-history":[{"count":33,"href":"https:\/\/omcpharmamedic.com\/en\/wp-json\/wp\/v2\/pages\/17815\/revisions"}],"predecessor-version":[{"id":18719,"href":"https:\/\/omcpharmamedic.com\/en\/wp-json\/wp\/v2\/pages\/17815\/revisions\/18719"}],"wp:attachment":[{"href":"https:\/\/omcpharmamedic.com\/en\/wp-json\/wp\/v2\/media?parent=17815"}],"curies":[{"name":"wp","href":"https:\/\/api.w.org\/{rel}","templated":true}]}}