{"id":17986,"date":"2022-02-17T18:46:54","date_gmt":"2022-02-17T23:46:54","guid":{"rendered":"https:\/\/omcpharmamedic.com\/?page_id=17986"},"modified":"2022-09-15T13:15:13","modified_gmt":"2022-09-15T18:15:13","slug":"politica-de-privacidad-y-proteccion-de-datos-personales","status":"publish","type":"page","link":"https:\/\/omcpharmamedic.com\/es\/politica-de-privacidad-y-proteccion-de-datos-personales\/","title":{"rendered":"Pol\u00edtica de privacidad y protecci\u00f3n de datos personales"},"content":{"rendered":"<div  class=\"vc_row wpb_row vc_row-fluid wpb_animate_when_almost_visible wpb_fadeIn fadeIn vc_custom_1645127684385 vc_column-gap-default ts-row-wide ts-parallax-bg loading\"  data-vc-full-width=\"true\" data-vc-full-width-init=\"false\"  style=\"background-image: url(https:\/\/omcpharmamedic.com\/wp-content\/uploads\/medicinas.jpg);\"><div class=\"wpb_column vc_column_container vc_col-sm-12\">\n\t<div class=\"wpb_wrapper\">\n\t<h1 style=\"font-size: 46px;color: #ffffff;text-align: center;font-family:Corben;font-weight:400;font-style:normal\" class=\"vc_custom_heading shadow\" >Pol\u00edtica de privacidad y protecci\u00f3n de datos personales<\/h1>\t<\/div>\n<\/div><\/div><div class=\"vc_row-full-width\"><\/div>\t<div  class=\"vc_row wpb_row vc_row-fluid wpb_animate_when_almost_visible wpb_fadeIn fadeIn vc_custom_1657851120468 vc_column-gap-default ts-row-wide\"  ><div class=\"wpb_column vc_column_container vc_col-sm-12\">\n\t<div class=\"wpb_wrapper\">\n\t\n\t<div class=\"wpb_text_column wpb_content_element \" >\n\t\t<div class=\"wpb_wrapper\">\n\t\t\t<h4>\u00bfC\u00f3mo protegemos su informaci\u00f3n?<\/h4>\n<p style=\"text-align: left;\">La presente es la Pol\u00edtica de Privacidad de la empresa DROGUERIA <strong>OMC Pharma Medic SAC<\/strong> (en adelante, <strong>OMC Pharma Medic<\/strong>), con RUC N\u00b0 20608838342, domiciliada en Av. 28 de julio N\u00b0 562 Int E, del distrito de Miraflores, provincia y departamento de Lima, la cual se encuentra en armon\u00eda con la normativa vigente de protecci\u00f3n de Datos Personales (Ley N\u00b0 29733 y Decreto Supremo 003-2013-JUS). A continuaci\u00f3n, se se\u00f1alan las finalidades de la informaci\u00f3n que usted nos otorga, qui\u00e9nes son los encargados de tratarla, el tiempo de almacenamiento en nuestras Bases de Datos, las medidas de protecci\u00f3n y los medios para ejercer sus derechos como titular de los Datos Personales.<\/p>\n<h4>\u00bfCon qu\u00e9 finalidad utilizamos su informaci\u00f3n?<\/h4>\n<p style=\"text-align: left;\">Los datos personales que usted nos proporciona son utilizados para: (i) Remitir a su correo electr\u00f3nico informaci\u00f3n que usted nos ha solicitado sobre los productos y servicios ofrecidos por <strong>OMC Pharma Medic<\/strong>; (ii) Comunicarle sobre promociones, beneficios, concursos, novedades, ofertas y, en general, publicidad de <strong>OMC Pharma Medic<\/strong>; (iii) Dar respuesta y tr\u00e1mite a consultas, solicitudes y quejas; (iv) Actualizar su informaci\u00f3n; (v) Gestionar postulaciones a puestos de trabajo en <strong>OMC Pharma Medic<\/strong>; y (vi) Fines hist\u00f3ricos y estad\u00edsticos.<\/p>\n<h4>\u00bfQu\u00e9 herramientas de navegaci\u00f3n se utilizan en la p\u00e1gina de OMC Pharma Medic?<\/h4>\n<p style=\"text-align: left;\"><strong>OMC Pharma Medic<\/strong> usa herramientas de recopilaci\u00f3n de informaci\u00f3n como cookies y los webs beacons para recolectar su informaci\u00f3n mientras navega nuestra p\u00e1gina web. En esta secci\u00f3n, describimos los tipos de informaci\u00f3n que <strong>OMC Pharma Medic<\/strong> puede colectar y c\u00f3mo <strong>OMC Pharma Medic<\/strong> puede usar esta informaci\u00f3n. a) Direcci\u00f3n IP: una direcci\u00f3n de Protocolo de Internet (IP por sus siglas en ingl\u00e9s) es un n\u00famero que se genera autom\u00e1ticamente de su computador cuando navega en la web. Su direcci\u00f3n IP es usada para recopilar informaci\u00f3n demogr\u00e1fica. <strong>OMC Pharma Medic<\/strong> recopila la direcci\u00f3n IP para la administrar y proveer informaci\u00f3n agregada a los anunciantes sobre el volumen de uso de nuestra p\u00e1gina web. Esta informaci\u00f3n normalmente no identifica o vincula a la persona, por lo que usted puede iniciar su sesi\u00f3n en nuestra p\u00e1gina, pero al mismo tiempo permanecer de forma an\u00f3nima. Usaremos la direcci\u00f3n IP para identificar un usuario cuando lo consideramos necesarios para hacer cumplir nuestros t\u00e9rminos y condiciones o para proteger nuestros servicios, nuestra p\u00e1gina, nuestros visitantes u otros. b) Cookies: podremos ubicar un archivo de texto llamado \u201ccookie\u201d en los archivos del navegador de su computadora. Una cookie es un peque\u00f1o archivo de datos que transfiere su disco duro para el mantenimiento de registros cuando los visita. Usamos las cookies para distintas finalidades, que incluyen entender y guardar las preferencias del usuario para futuras visitas, llevar un control de los anuncios, actualizar nuestro sitio basados en informaci\u00f3n como el n\u00famero de visitantes y las p\u00e1ginas vistas. Hasta que usted decida identificarse en la p\u00e1gina web de <strong>OMC Pharma Medic<\/strong>, bien sea respondiendo una oferta promocional u otorgando su informaci\u00f3n como el registro de su email, usted permanecer\u00e1 como an\u00f3nimo en nuestra p\u00e1gina. Usted puede escoger que su computador le avise cada vez que se le env\u00eda una cookie, o usted puede optar por apagar todas las cookies. Usted puede hacerlo a trav\u00e9s de las herramientas de su buscador (como por internet Explorer). Cada buscador es distinto, por lo cual le recomendamos buscar en la secci\u00f3n de Ayuda de su men\u00fa para aprender acerca de la manera correcta de modificar sus cookies. Usted no requiere tener las cookies activadas para usar nuestra p\u00e1gina web.<\/p>\n<h4>\u00bfQui\u00e9n tiene acceso a su informaci\u00f3n?<\/h4>\n<p style=\"text-align: left;\">Usted nos autoriza a que podamos compartir y encargar el tratamiento de su informaci\u00f3n personal a terceros que nos prestan servicios para mejorar nuestras actividades. En estos casos, <strong>OMC Pharma Medic<\/strong> garantizar\u00e1 que el tratamiento de sus datos se limite a las finalidades antes autorizadas, que se mantenga confidencial y se implementen las medidas de seguridad adecuadas.<\/p>\n<h4>\u00bfC\u00f3mo puede ejercer sus derechos como titular de Datos Personales?<\/h4>\n<p style=\"text-align: left;\"><strong>OMC Pharma Medic<\/strong> reconoce y garantiza el ejercicio de los derechos de acceso, rectificaci\u00f3n, cancelaci\u00f3n, oposici\u00f3n, informaci\u00f3n o revocaci\u00f3n que por ley le asisten. Para ejercer los derechos antes mencionados deber\u00e1 remitir su comunicaci\u00f3n f\u00edsica al domicilio de <strong>OMC Pharma Medic<\/strong>, o en todo caso a trav\u00e9s de un correo electr\u00f3nico a <a href=\"mailto:servicioalcliente@omcpharmamedic.com\">servicioalcliente@omcpharmamedic.com<\/a><\/p>\n<h4>Actualizaciones de la presente Pol\u00edtica de Privacidad:<\/h4>\n<p style=\"text-align: left;\">Con motivo de la mejora continua de nuestros procesos, <strong>OMC Pharma Medic<\/strong> podr\u00e1 realizar modificaciones y correcciones a esta Pol\u00edtica de Privacidad. Por favor, verifique estos t\u00e9rminos regularmente para consultar los cambios que puedan haber existido y de qu\u00e9 manera le pueden afectar.<\/p>\n\n\t\t<\/div>\n\t<\/div>\n\t<\/div>\n<\/div><\/div>\n","protected":false},"excerpt":{"rendered":"Pol\u00edtica de privacidad y protecci\u00f3n de datos personales \u00bfC\u00f3mo protegemos su informaci\u00f3n? La presente es la Pol\u00edtica de Privacidad de la empresa DROGUERIA OMC Pharma Medic SAC (en adelante, OMC Pharma Medic), con RUC N\u00b0 20608838342, domiciliada en Av. 28 de julio N\u00b0 562 Int E, del distrito de Miraflores, provincia y departamento de Lima, [...]","protected":false},"author":1,"featured_media":0,"parent":0,"menu_order":0,"comment_status":"closed","ping_status":"closed","template":"","meta":{"footnotes":""},"class_list":["post-17986","page","type-page","status-publish","hentry"],"_links":{"self":[{"href":"https:\/\/omcpharmamedic.com\/es\/wp-json\/wp\/v2\/pages\/17986","targetHints":{"allow":["GET"]}}],"collection":[{"href":"https:\/\/omcpharmamedic.com\/es\/wp-json\/wp\/v2\/pages"}],"about":[{"href":"https:\/\/omcpharmamedic.com\/es\/wp-json\/wp\/v2\/types\/page"}],"author":[{"embeddable":true,"href":"https:\/\/omcpharmamedic.com\/es\/wp-json\/wp\/v2\/users\/1"}],"replies":[{"embeddable":true,"href":"https:\/\/omcpharmamedic.com\/es\/wp-json\/wp\/v2\/comments?post=17986"}],"version-history":[{"count":17,"href":"https:\/\/omcpharmamedic.com\/es\/wp-json\/wp\/v2\/pages\/17986\/revisions"}],"predecessor-version":[{"id":18648,"href":"https:\/\/omcpharmamedic.com\/es\/wp-json\/wp\/v2\/pages\/17986\/revisions\/18648"}],"wp:attachment":[{"href":"https:\/\/omcpharmamedic.com\/es\/wp-json\/wp\/v2\/media?parent=17986"}],"curies":[{"name":"wp","href":"https:\/\/api.w.org\/{rel}","templated":true}]}}