{"id":18590,"date":"2022-08-15T23:30:05","date_gmt":"2022-08-16T04:30:05","guid":{"rendered":"https:\/\/omcpharmamedic.com\/?page_id=18590"},"modified":"2022-08-15T23:34:22","modified_gmt":"2022-08-16T04:34:22","slug":"sobre-comercializacion-de-productos-cbd","status":"publish","type":"page","link":"https:\/\/omcpharmamedic.com\/es\/sobre-comercializacion-de-productos-cbd\/","title":{"rendered":"Sobre la comercializaci\u00f3n de productos CBD"},"content":{"rendered":"<div  class=\"vc_row wpb_row vc_row-fluid wpb_animate_when_almost_visible wpb_fadeIn fadeIn vc_custom_1645127684385 vc_column-gap-default ts-row-wide ts-parallax-bg loading\"  data-vc-full-width=\"true\" data-vc-full-width-init=\"false\"  style=\"background-image: url(https:\/\/omcpharmamedic.com\/wp-content\/uploads\/medicinas.jpg);\"><div class=\"wpb_column vc_column_container vc_col-sm-12\">\n\t<div class=\"wpb_wrapper\">\n\t<h1 style=\"font-size: 46px;color: #ffffff;text-align: center;font-family:Corben;font-weight:400;font-style:normal\" class=\"vc_custom_heading shadow\" >Sobre comercializaci\u00f3n de productos CBD<\/h1>\t<\/div>\n<\/div><\/div><div class=\"vc_row-full-width\"><\/div>\t<div  class=\"vc_row wpb_row vc_row-fluid wpb_animate_when_almost_visible wpb_fadeIn fadeIn vc_custom_1657851120468 vc_column-gap-default ts-row-wide\"  ><div class=\"wpb_column vc_column_container vc_col-sm-12\">\n\t<div class=\"wpb_wrapper\">\n\t\n\t<div class=\"wpb_text_column wpb_content_element \" >\n\t\t<div class=\"wpb_wrapper\">\n\t\t\t<p>Podr\u00e1n adquirirlo \u00fanicamente aquellos pacientes que se encuentran siguiendo un tratamiento supervisado por un m\u00e9dico especialista, quien ser\u00e1 el responsable de prescribir el producto y la dosis a trav\u00e9s de una receta m\u00e9dica.<\/p>\n<p>Previo a la compra, el paciente deber\u00e1 encontrarse empadronado ante Digemid, ente encargado de llevar el control de los pacientes que utilizan cannabis con un fin terap\u00e9utico y medicinal. En caso de no encontrarse registrado puede descargar el formulario desde el link:<\/p>\n<p><a href=\"http:\/\/serviciosweb.digemid.minsa.gob.pe\/ControlCannabis\/nuevoPaciente.jsp\" target=\"_blank\" rel=\"noopener\">http:\/\/serviciosweb.digemid.minsa.gob.pe\/ControlCannabis\/nuevoPaciente.jsp<\/a><\/p>\n<p>El m\u00e9todo de pago para la compra es con tarjeta de cr\u00e9dito.<\/p>\n\n\t\t<\/div>\n\t<\/div>\n\t<\/div>\n<\/div><\/div>\n","protected":false},"excerpt":{"rendered":"Sobre comercializaci\u00f3n de productos CBD Podr\u00e1n adquirirlo \u00fanicamente aquellos pacientes que se encuentran siguiendo un tratamiento supervisado por un m\u00e9dico especialista, quien ser\u00e1 el responsable de prescribir el producto y la dosis a trav\u00e9s de una receta m\u00e9dica. Previo a la compra, el paciente deber\u00e1 encontrarse empadronado ante Digemid, ente encargado de llevar el control [...]","protected":false},"author":1,"featured_media":0,"parent":0,"menu_order":0,"comment_status":"closed","ping_status":"closed","template":"","meta":{"footnotes":""},"class_list":["post-18590","page","type-page","status-publish","hentry"],"_links":{"self":[{"href":"https:\/\/omcpharmamedic.com\/es\/wp-json\/wp\/v2\/pages\/18590","targetHints":{"allow":["GET"]}}],"collection":[{"href":"https:\/\/omcpharmamedic.com\/es\/wp-json\/wp\/v2\/pages"}],"about":[{"href":"https:\/\/omcpharmamedic.com\/es\/wp-json\/wp\/v2\/types\/page"}],"author":[{"embeddable":true,"href":"https:\/\/omcpharmamedic.com\/es\/wp-json\/wp\/v2\/users\/1"}],"replies":[{"embeddable":true,"href":"https:\/\/omcpharmamedic.com\/es\/wp-json\/wp\/v2\/comments?post=18590"}],"version-history":[{"count":2,"href":"https:\/\/omcpharmamedic.com\/es\/wp-json\/wp\/v2\/pages\/18590\/revisions"}],"predecessor-version":[{"id":18592,"href":"https:\/\/omcpharmamedic.com\/es\/wp-json\/wp\/v2\/pages\/18590\/revisions\/18592"}],"wp:attachment":[{"href":"https:\/\/omcpharmamedic.com\/es\/wp-json\/wp\/v2\/media?parent=18590"}],"curies":[{"name":"wp","href":"https:\/\/api.w.org\/{rel}","templated":true}]}}